{"id":16,"date":"2020-03-08T12:03:19","date_gmt":"2020-03-08T12:03:19","guid":{"rendered":"http:\/\/tanzsport-willich.de\/?page_id=16"},"modified":"2025-12-01T07:29:57","modified_gmt":"2025-12-01T07:29:57","slug":"boogie-woogie","status":"publish","type":"page","link":"https:\/\/tanzsport-willich.de\/?page_id=16","title":{"rendered":"Boogie Woogie"},"content":{"rendered":"\n<figure class=\"wp-block-image size-large\"><img loading=\"lazy\" decoding=\"async\" width=\"1024\" height=\"558\" src=\"https:\/\/tanzsport-willich.de\/wp-content\/uploads\/2025\/12\/20251130_200729-1024x558.jpg\" alt=\"\" class=\"wp-image-2816\" srcset=\"https:\/\/tanzsport-willich.de\/wp-content\/uploads\/2025\/12\/20251130_200729-1024x558.jpg 1024w, https:\/\/tanzsport-willich.de\/wp-content\/uploads\/2025\/12\/20251130_200729-300x164.jpg 300w, https:\/\/tanzsport-willich.de\/wp-content\/uploads\/2025\/12\/20251130_200729-768x419.jpg 768w, https:\/\/tanzsport-willich.de\/wp-content\/uploads\/2025\/12\/20251130_200729-1536x838.jpg 1536w, https:\/\/tanzsport-willich.de\/wp-content\/uploads\/2025\/12\/20251130_200729-2048x1117.jpg 2048w\" sizes=\"(max-width: 1024px) 100vw, 1024px\" \/><\/figure>\n\n\n\n<p>Der Boogie Woogie geh\u00f6rt zu den Swing-T\u00e4nzen und wird auch als &#8222;Rock&#8217;n&#8217;Roll der 50er Jahre&#8220; bezeichnet.<br>Ziel unseres Trainings lautet: &#8222;Get ready for party&#8220;, um mit euch auf Tanzveranstaltungen zu gehen.<br>Daneben organisieren wir auch Showauftritte, die Abnahme des Tanzsportabzeichens und eigene Veranstaltungen.<br>Ihr k\u00f6nnt entweder direkt in die Tanzsportabteilung eintreten oder zun\u00e4chst einen Kurs belegen und Euch danach entscheiden einzutreten. Wann beginnt der n\u00e4chste Boogie Woogie Kurs? Sprecht uns einfach an!<\/p>\n\n\n\n<p>Wir freuen uns auf Euch!<\/p>\n\n\n<div class=\"wp-block-image\">\n<figure class=\"aligncenter size-large is-resized\"><img loading=\"lazy\" decoding=\"async\" width=\"960\" height=\"720\" src=\"https:\/\/tanzsport-willich.de\/wp-content\/uploads\/2020\/03\/RnR-BW-LOGO.jpg\" alt=\"Rock\u00b4n\u00b4Roll und Boogie Woogie Frogs\" class=\"wp-image-605\" style=\"width:334px;height:251px\" srcset=\"https:\/\/tanzsport-willich.de\/wp-content\/uploads\/2020\/03\/RnR-BW-LOGO.jpg 960w, https:\/\/tanzsport-willich.de\/wp-content\/uploads\/2020\/03\/RnR-BW-LOGO-300x225.jpg 300w, https:\/\/tanzsport-willich.de\/wp-content\/uploads\/2020\/03\/RnR-BW-LOGO-768x576.jpg 768w, https:\/\/tanzsport-willich.de\/wp-content\/uploads\/2020\/03\/RnR-BW-LOGO-800x600.jpg 800w\" sizes=\"(max-width: 960px) 100vw, 960px\" \/><\/figure><\/div>\n\n\n<figure class=\"wp-block-image size-large\"><img loading=\"lazy\" decoding=\"async\" width=\"765\" height=\"1024\" src=\"https:\/\/tanzsport-willich.de\/wp-content\/uploads\/2025\/11\/BW-Flyer_v21-Einsteiger-ohne-Telefon-Hochkant-765x1024.png\" alt=\"\" class=\"wp-image-2813\" srcset=\"https:\/\/tanzsport-willich.de\/wp-content\/uploads\/2025\/11\/BW-Flyer_v21-Einsteiger-ohne-Telefon-Hochkant-765x1024.png 765w, https:\/\/tanzsport-willich.de\/wp-content\/uploads\/2025\/11\/BW-Flyer_v21-Einsteiger-ohne-Telefon-Hochkant-224x300.png 224w, https:\/\/tanzsport-willich.de\/wp-content\/uploads\/2025\/11\/BW-Flyer_v21-Einsteiger-ohne-Telefon-Hochkant-768x1028.png 768w, https:\/\/tanzsport-willich.de\/wp-content\/uploads\/2025\/11\/BW-Flyer_v21-Einsteiger-ohne-Telefon-Hochkant.png 807w\" sizes=\"(max-width: 765px) 100vw, 765px\" \/><\/figure>\n\n\n\n<div style=\"height:20px\" aria-hidden=\"true\" class=\"wp-block-spacer\"><\/div>\n\n\n\n<h3 class=\"wp-block-heading\">Trainingszeiten<\/h3>\n\n\n\n<figure class=\"wp-block-table\"><table><tbody><tr><td class=\"has-text-align-left\" data-align=\"left\"><strong>Tag<\/strong><\/td><td class=\"has-text-align-left\" data-align=\"left\"><strong>Einsteiger &amp; Stufe 1<\/strong><\/td><td class=\"has-text-align-left\" data-align=\"left\"><strong>Stufe 2<\/strong><\/td><\/tr><tr><td class=\"has-text-align-left\" data-align=\"left\"><strong>Sonntag<\/strong><\/td><td class=\"has-text-align-left\" data-align=\"left\"><strong>18:30 &#8211; 20:00 Uhr<\/strong><\/td><td class=\"has-text-align-left\" data-align=\"left\"><strong>20:00 &#8211; 21:00 Uhr<\/strong><\/td><\/tr><tr><td class=\"has-text-align-left\" data-align=\"left\"><strong>Ort<\/strong><\/td><td class=\"has-text-align-left\" data-align=\"left\">Vereinsheim  des <br>DJK-VfL Willich <br>Schiefbahner Str. 10a <\/td><td class=\"has-text-align-left\" data-align=\"left\">Vereinsheim  des <br>DJK-VfL Willich <br>Schiefbahner Str. 10a  <\/td><\/tr><\/tbody><\/table><\/figure>\n\n\n\n<p>In den Schulferien sowie an Feiertagen finden keine Tanzkurse statt.<\/p>\n\n\n\n<div style=\"height:20px\" aria-hidden=\"true\" class=\"wp-block-spacer\"><\/div>\n\n\n\n<h3 class=\"wp-block-heading\">Unsere Trainer*innen<\/h3>\n\n\n\n<p><strong>Monika &amp; Thomas Behrendt<\/strong><br>Telefon  02154  427452  | E-Mail  <a href=\"mail&#116;&#111;&#58;&#109;&#116;&#x2d;&#x62;&#x6f;&#x6f;&#x67;&#x69;&#x65;-woo&#103;&#105;&#101;&#64;&#118;&#x6f;&#x64;&#x61;&#x66;&#x6f;&#x6e;&#x65;&#x6d;ail&#46;&#100;&#101;\">mt&#45;&#98;&#111;&#x6f;&#x67;&#x69;&#x65;-w&#111;&#111;&#103;&#x69;&#x65;&#x40;&#x76;od&#97;&#102;&#111;&#x6e;&#x65;&#x6d;&#x61;il&#46;&#100;&#101;<\/a><\/p>\n\n\n\n<p>Mehr Informationen zu unseren Trainern findest Du <a href=\"https:\/\/tanzsport-willich.de\/?page_id=489\">hier<\/a>.<\/p>\n\n\n\n<p><\/p>\n","protected":false},"excerpt":{"rendered":"<p>Der Boogie Woogie geh\u00f6rt zu den Swing-T\u00e4nzen und wird auch als &#8222;Rock&#8217;n&#8217;Roll der 50er Jahre&#8220; bezeichnet.Ziel unseres Trainings lautet: &#8222;Get ready for party&#8220;, um mit euch auf Tanzveranstaltungen zu gehen.Daneben organisieren wir auch Showauftritte, die Abnahme des Tanzsportabzeichens und eigene Veranstaltungen.Ihr k\u00f6nnt entweder direkt in die Tanzsportabteilung eintreten oder zun\u00e4chst einen Kurs belegen und Euch&#8230;<\/p>\n","protected":false},"author":1,"featured_media":0,"parent":0,"menu_order":0,"comment_status":"closed","ping_status":"closed","template":"","meta":{"_kad_post_transparent":"","_kad_post_title":"","_kad_post_layout":"","_kad_post_sidebar_id":"","_kad_post_content_style":"","_kad_post_vertical_padding":"","_kad_post_feature":"","_kad_post_feature_position":"","_kad_post_header":false,"_kad_post_footer":false,"footnotes":""},"_links":{"self":[{"href":"https:\/\/tanzsport-willich.de\/index.php?rest_route=\/wp\/v2\/pages\/16"}],"collection":[{"href":"https:\/\/tanzsport-willich.de\/index.php?rest_route=\/wp\/v2\/pages"}],"about":[{"href":"https:\/\/tanzsport-willich.de\/index.php?rest_route=\/wp\/v2\/types\/page"}],"author":[{"embeddable":true,"href":"https:\/\/tanzsport-willich.de\/index.php?rest_route=\/wp\/v2\/users\/1"}],"replies":[{"embeddable":true,"href":"https:\/\/tanzsport-willich.de\/index.php?rest_route=%2Fwp%2Fv2%2Fcomments&post=16"}],"version-history":[{"count":49,"href":"https:\/\/tanzsport-willich.de\/index.php?rest_route=\/wp\/v2\/pages\/16\/revisions"}],"predecessor-version":[{"id":2818,"href":"https:\/\/tanzsport-willich.de\/index.php?rest_route=\/wp\/v2\/pages\/16\/revisions\/2818"}],"wp:attachment":[{"href":"https:\/\/tanzsport-willich.de\/index.php?rest_route=%2Fwp%2Fv2%2Fmedia&parent=16"}],"curies":[{"name":"wp","href":"https:\/\/api.w.org\/{rel}","templated":true}]}}