{"id":32,"date":"2020-03-08T12:08:05","date_gmt":"2020-03-08T12:08:05","guid":{"rendered":"http:\/\/tanzsport-willich.de\/?page_id=32"},"modified":"2025-03-02T11:43:53","modified_gmt":"2025-03-02T11:43:53","slug":"mitmachen","status":"publish","type":"page","link":"https:\/\/tanzsport-willich.de\/?page_id=32","title":{"rendered":"Neugierig?"},"content":{"rendered":"\n<p>Wir lieben es zu tanzen und wollen den Tanzsport in Willich popul\u00e4rer und bekannter machen.  Jederzeit freuen wir uns \u00fcber neue Tanzbegeisterte, mit denen wir unsere Begeisterung teilen k\u00f6nnen. <\/p>\n\n\n\n<h4 class=\"wp-block-heading\">Interesse mitzutanzen?<\/h4>\n\n\n\n<p>Dann komm gerne zum Probetraining vorbei und lern die Trainerinnen  und Trainer sowie weitere T\u00e4nzerinnen und T\u00e4nzer kennen. <br><\/p>\n\n\n\n<p><\/p>\n\n\n\n<p><\/p>\n\n\n\n<p>Wenn Du dauerhaft mittanzen m\u00f6chtest, dann kontaktiere einfach einen unserer Trainer oder Ansprechpartner.<\/p>\n\n\n\n<p>Mehr Eindr\u00fccke findest Du auch auf unseren Social Media Kan\u00e4len:<\/p>\n\n\n\n<p><a href=\"https:\/\/de-de.facebook.com\/TanzsportWillich\/\" target=\"_blank\" rel=\"noreferrer noopener\">Facebook<\/a><br><a href=\"https:\/\/www.instagram.com\/djk_vfl_willich_tanzsport\/\" target=\"_blank\" rel=\"noreferrer noopener\">Instagram<\/a><\/p>\n\n\n\n<p>Wir freuen uns auf Dich!<\/p>\n","protected":false},"excerpt":{"rendered":"<p>Wir lieben es zu tanzen und wollen den Tanzsport in Willich popul\u00e4rer und bekannter machen. Jederzeit freuen wir uns \u00fcber neue Tanzbegeisterte, mit denen wir unsere Begeisterung teilen k\u00f6nnen. Interesse mitzutanzen? Dann komm gerne zum Probetraining vorbei und lern die Trainerinnen und Trainer sowie weitere T\u00e4nzerinnen und T\u00e4nzer kennen. Wenn Du dauerhaft mittanzen m\u00f6chtest, dann&#8230;<\/p>\n","protected":false},"author":1,"featured_media":0,"parent":0,"menu_order":0,"comment_status":"closed","ping_status":"closed","template":"","meta":{"_kad_post_transparent":"","_kad_post_title":"","_kad_post_layout":"","_kad_post_sidebar_id":"","_kad_post_content_style":"","_kad_post_vertical_padding":"","_kad_post_feature":"","_kad_post_feature_position":"","_kad_post_header":false,"_kad_post_footer":false,"footnotes":""},"_links":{"self":[{"href":"https:\/\/tanzsport-willich.de\/index.php?rest_route=\/wp\/v2\/pages\/32"}],"collection":[{"href":"https:\/\/tanzsport-willich.de\/index.php?rest_route=\/wp\/v2\/pages"}],"about":[{"href":"https:\/\/tanzsport-willich.de\/index.php?rest_route=\/wp\/v2\/types\/page"}],"author":[{"embeddable":true,"href":"https:\/\/tanzsport-willich.de\/index.php?rest_route=\/wp\/v2\/users\/1"}],"replies":[{"embeddable":true,"href":"https:\/\/tanzsport-willich.de\/index.php?rest_route=%2Fwp%2Fv2%2Fcomments&post=32"}],"version-history":[{"count":15,"href":"https:\/\/tanzsport-willich.de\/index.php?rest_route=\/wp\/v2\/pages\/32\/revisions"}],"predecessor-version":[{"id":2756,"href":"https:\/\/tanzsport-willich.de\/index.php?rest_route=\/wp\/v2\/pages\/32\/revisions\/2756"}],"wp:attachment":[{"href":"https:\/\/tanzsport-willich.de\/index.php?rest_route=%2Fwp%2Fv2%2Fmedia&parent=32"}],"curies":[{"name":"wp","href":"https:\/\/api.w.org\/{rel}","templated":true}]}}