{"id":46,"date":"2020-03-08T12:48:15","date_gmt":"2020-03-08T12:48:15","guid":{"rendered":"http:\/\/tanzsport-willich.de\/?page_id=46"},"modified":"2026-02-01T16:00:38","modified_gmt":"2026-02-01T16:00:38","slug":"start","status":"publish","type":"page","link":"https:\/\/tanzsport-willich.de\/","title":{"rendered":""},"content":{"rendered":"\n<p style=\"display:none;\"><titel>Tanzsport in Willich<\/titel><\/p>\n<meta name=\"description\" content=\"Herzlich Willkommen beim Tanzsport Willich. Du willst tanzen lernen? Dann bist du beim Tanzsport Willich genau richtig. Wir freuen uns auf Dich!\">\n\n\n\n<figure class=\"wp-block-gallery has-nested-images columns-default is-cropped wp-block-gallery-1 is-layout-flex wp-block-gallery-is-layout-flex\"><\/figure>\n\n\n\n<figure class=\"wp-block-image size-large\"><img loading=\"lazy\" decoding=\"async\" width=\"1024\" height=\"214\" src=\"https:\/\/tanzsport-willich.de\/wp-content\/uploads\/2020\/04\/Willkommen-2-1024x214.png\" alt=\"Willkommen beim Tanzsport Willich Tanzen in Willich\" class=\"wp-image-639\" srcset=\"https:\/\/tanzsport-willich.de\/wp-content\/uploads\/2020\/04\/Willkommen-2-1024x214.png 1024w, https:\/\/tanzsport-willich.de\/wp-content\/uploads\/2020\/04\/Willkommen-2-300x63.png 300w, https:\/\/tanzsport-willich.de\/wp-content\/uploads\/2020\/04\/Willkommen-2-768x161.png 768w, https:\/\/tanzsport-willich.de\/wp-content\/uploads\/2020\/04\/Willkommen-2.png 1119w\" sizes=\"(max-width: 1024px) 100vw, 1024px\" \/><\/figure>\n\n\n\n<div class=\"wp-block-columns is-layout-flex wp-container-core-columns-layout-1 wp-block-columns-is-layout-flex\">\n<div class=\"wp-block-column is-layout-flow wp-block-column-is-layout-flow\" style=\"flex-basis:100%\">\n<div class=\"wp-block-buttons is-content-justification-center is-layout-flex wp-container-core-buttons-layout-1 wp-block-buttons-is-layout-flex\">\n<div class=\"wp-block-button\"><a class=\"wp-block-button__link wp-element-button\" href=\"https:\/\/tanzsport-willich.de\/?page_id=489\" target=\"_blank\" rel=\"noreferrer noopener\">Kontakt<\/a><\/div>\n\n\n\n<div class=\"wp-block-button\"><a class=\"wp-block-button__link wp-element-button\" href=\"https:\/\/tanzsport-willich.de\/?page_id=776\" target=\"_blank\" rel=\"noreferrer noopener\">Alle Tanzkurse<\/a><\/div>\n\n\n\n<div class=\"wp-block-button\"><a class=\"wp-block-button__link wp-element-button\" href=\"https:\/\/tanzsport-willich.de\/?page_id=498\" target=\"_blank\" rel=\"noreferrer noopener\">Veranstaltungen<\/a><\/div>\n\n\n\n<div class=\"wp-block-button\"><a class=\"wp-block-button__link wp-element-button\" href=\"https:\/\/tanzsport-willich.de\/?page_id=2206\" target=\"_blank\" rel=\"noreferrer noopener\">Intensiv Workshops<\/a><\/div>\n\n\n\n<div class=\"wp-block-button is-style-fill\"><a class=\"wp-block-button__link wp-element-button\" href=\"https:\/\/tanzsport-willich.de\/?page_id=673\" target=\"_blank\" rel=\"noreferrer noopener\">News<\/a><\/div>\n<\/div>\n<\/div>\n<\/div>\n\n\n\n<p class=\"has-text-align-center\"><\/p>\n\n\n\n<p>Du willst tanzen lernen oder hast bereits Tanzerfahrung und suchst Gleichgesinnte? Dann bist du hier beim Tanzsport Willich genau richtig.  <\/p>\n\n\n\n<p>Infos zu den einzelnen T\u00e4nzen, wann und wo getanzt wird, findest du auf der jeweiligen Seite. Ideal f\u00fcr alle, die werktags wenig Zeit haben, sind die beliebten Sonntags-Angebote. Wenn du gerne ein paar weitere Informationen h\u00e4ttest, kannst Du direkt Kontakt zu den <a href=\"https:\/\/tanzsport-willich.de\/?page_id=489\">Trainern*innen <\/a>aufnehmen.   <\/p>\n\n\n\n<h4 class=\"wp-block-heading\">Tanzen als Leistungssport?<\/h4>\n\n\n\n<p>Auch das ist bei beim Tanzsport Willich m\u00f6glich; wir bieten Unterst\u00fctzung f\u00fcr die DTSA-Pr\u00fcfungen (Deutsche Tanzsport-Abzeichen). Auch f\u00fcr den Tuniertanz wird bei uns trainiert.<\/p>\n\n\n\n<h4 class=\"wp-block-heading\">Kein*e Tanzpartner*in? Kein Problem!<\/h4>\n\n\n\n<p>Ich w\u00fcrde ja gerne, aber &#8230;&#8230; Wenn ein*e Tanzpartner*in fehlt, dann kann man vertrauensvoll die Kursleitenden ansprechen. Mit gro\u00dfer Wahrscheinlichkeit kennen unsere Trainer*innen andere, denen es genauso geht und k\u00f6nnen entsprechend vermitteln.<\/p>\n\n\n\n<h4 class=\"wp-block-heading\">Noch Fragen?<\/h4>\n\n\n\n<p>Klick dich durch das Angebot und wenn Fragen offen bleiben, z\u00f6gere nicht dich bei einem von uns zu melden! <\/p>\n\n\n\n<p><br><\/p>\n\n\n\n<figure class=\"wp-block-image size-full\"><img loading=\"lazy\" decoding=\"async\" width=\"736\" height=\"814\" src=\"https:\/\/tanzsport-willich.de\/wp-content\/uploads\/2026\/02\/mirko_2026.jpg\" alt=\"\" class=\"wp-image-2860\" srcset=\"https:\/\/tanzsport-willich.de\/wp-content\/uploads\/2026\/02\/mirko_2026.jpg 736w, https:\/\/tanzsport-willich.de\/wp-content\/uploads\/2026\/02\/mirko_2026-271x300.jpg 271w\" sizes=\"(max-width: 736px) 100vw, 736px\" \/><\/figure>\n","protected":false},"excerpt":{"rendered":"<p>Tanzsport in Willich Du willst tanzen lernen oder hast bereits Tanzerfahrung und suchst Gleichgesinnte? Dann bist du hier beim Tanzsport Willich genau richtig. Infos zu den einzelnen T\u00e4nzen, wann und wo getanzt wird, findest du auf der jeweiligen Seite. Ideal f\u00fcr alle, die werktags wenig Zeit haben, sind die beliebten Sonntags-Angebote. Wenn du gerne ein&#8230;<\/p>\n","protected":false},"author":1,"featured_media":0,"parent":0,"menu_order":0,"comment_status":"closed","ping_status":"closed","template":"","meta":{"_kad_post_transparent":"","_kad_post_title":"","_kad_post_layout":"","_kad_post_sidebar_id":"","_kad_post_content_style":"","_kad_post_vertical_padding":"","_kad_post_feature":"","_kad_post_feature_position":"","_kad_post_header":false,"_kad_post_footer":false,"footnotes":""},"_links":{"self":[{"href":"https:\/\/tanzsport-willich.de\/index.php?rest_route=\/wp\/v2\/pages\/46"}],"collection":[{"href":"https:\/\/tanzsport-willich.de\/index.php?rest_route=\/wp\/v2\/pages"}],"about":[{"href":"https:\/\/tanzsport-willich.de\/index.php?rest_route=\/wp\/v2\/types\/page"}],"author":[{"embeddable":true,"href":"https:\/\/tanzsport-willich.de\/index.php?rest_route=\/wp\/v2\/users\/1"}],"replies":[{"embeddable":true,"href":"https:\/\/tanzsport-willich.de\/index.php?rest_route=%2Fwp%2Fv2%2Fcomments&post=46"}],"version-history":[{"count":70,"href":"https:\/\/tanzsport-willich.de\/index.php?rest_route=\/wp\/v2\/pages\/46\/revisions"}],"predecessor-version":[{"id":2861,"href":"https:\/\/tanzsport-willich.de\/index.php?rest_route=\/wp\/v2\/pages\/46\/revisions\/2861"}],"wp:attachment":[{"href":"https:\/\/tanzsport-willich.de\/index.php?rest_route=%2Fwp%2Fv2%2Fmedia&parent=46"}],"curies":[{"name":"wp","href":"https:\/\/api.w.org\/{rel}","templated":true}]}}