{"id":489,"date":"2020-03-09T14:44:22","date_gmt":"2020-03-09T14:44:22","guid":{"rendered":"http:\/\/tanzsport-willich.de\/?page_id=489"},"modified":"2026-02-28T11:13:50","modified_gmt":"2026-02-28T11:13:50","slug":"unsere-trainer","status":"publish","type":"page","link":"https:\/\/tanzsport-willich.de\/?page_id=489","title":{"rendered":"Trainer*innen &#038; Ansprechpartner*innen"},"content":{"rendered":"\n<h2 class=\"wp-block-heading\">Abteilungsleitung<\/h2>\n\n\n\n<h3 class=\"wp-block-heading\">Abteilungsleiterin <\/h3>\n\n\n<div class=\"wp-block-image is-resized\">\n<figure class=\"alignleft size-full\"><img loading=\"lazy\" decoding=\"async\" width=\"342\" height=\"449\" src=\"https:\/\/tanzsport-willich.de\/wp-content\/uploads\/2020\/05\/Ansprechpartner_Hannelore.png\" alt=\"Hannelore Eichholz\" class=\"wp-image-737\" style=\"width:226px;height:auto\" srcset=\"https:\/\/tanzsport-willich.de\/wp-content\/uploads\/2020\/05\/Ansprechpartner_Hannelore.png 342w, https:\/\/tanzsport-willich.de\/wp-content\/uploads\/2020\/05\/Ansprechpartner_Hannelore-229x300.png 229w\" sizes=\"(max-width: 342px) 100vw, 342px\" \/><figcaption class=\"wp-element-caption\">Hannelore Eichholz<\/figcaption><\/figure><\/div>\n\n\n<p><strong>Hannelore Eichholz<\/strong><\/p>\n\n\n\n<p>Telefon 0174 1876795<br>E-Mail:\u00a0<a href=\"&#x6d;&#x61;&#x69;&#x6c;&#x74;&#x6f;&#x3a;&#x74;&#x61;&#x6e;&#x7a;&#x73;&#x70;&#x6f;&#x72;&#x74;&#x40;&#x64;&#x6a;&#x6b;&#x2d;&#x76;&#102;&#108;&#45;&#119;&#105;&#108;&#108;&#105;&#99;&#104;&#46;&#100;&#101;\">&#116;&#97;&#x6e;&#x7a;&#115;&#112;&#x6f;&#x72;&#116;&#64;&#x64;&#x6a;&#107;&#45;&#x76;&#x66;&#108;&#45;&#x77;&#x69;&#108;&#108;&#x69;&#x63;&#104;&#46;&#x64;&#x65;<\/a><\/p>\n\n\n\n<p><\/p>\n\n\n\n<p><\/p>\n\n\n\n<p><\/p>\n\n\n\n<p><\/p>\n\n\n<div class=\"wp-block-image\">\n<figure class=\"aligncenter size-full is-resized\"><img loading=\"lazy\" decoding=\"async\" width=\"1280\" height=\"640\" src=\"https:\/\/tanzsport-willich.de\/wp-content\/uploads\/2024\/02\/blackmetal-1585001_1280.png\" alt=\"\" class=\"wp-image-2558\" style=\"width:278px;height:auto\" srcset=\"https:\/\/tanzsport-willich.de\/wp-content\/uploads\/2024\/02\/blackmetal-1585001_1280.png 1280w, https:\/\/tanzsport-willich.de\/wp-content\/uploads\/2024\/02\/blackmetal-1585001_1280-300x150.png 300w, https:\/\/tanzsport-willich.de\/wp-content\/uploads\/2024\/02\/blackmetal-1585001_1280-1024x512.png 1024w, https:\/\/tanzsport-willich.de\/wp-content\/uploads\/2024\/02\/blackmetal-1585001_1280-768x384.png 768w\" sizes=\"(max-width: 1280px) 100vw, 1280px\" \/><\/figure><\/div>\n\n\n<p><\/p>\n\n\n\n<p><\/p>\n\n\n\n<h3 class=\"wp-block-heading\">stellv. Abteilungsleiter und Sportwart<\/h3>\n\n\n<div class=\"wp-block-image is-resized\">\n<figure class=\"alignleft size-large\"><img loading=\"lazy\" decoding=\"async\" width=\"342\" height=\"449\" src=\"https:\/\/tanzsport-willich.de\/wp-content\/uploads\/2020\/03\/Trainer_Gudrun_Mirko.png\" alt=\"\" class=\"wp-image-548\" style=\"width:203px;height:auto\" srcset=\"https:\/\/tanzsport-willich.de\/wp-content\/uploads\/2020\/03\/Trainer_Gudrun_Mirko.png 342w, https:\/\/tanzsport-willich.de\/wp-content\/uploads\/2020\/03\/Trainer_Gudrun_Mirko-229x300.png 229w\" sizes=\"(max-width: 342px) 100vw, 342px\" \/><figcaption class=\"wp-element-caption\">Mirko Bonnmann<\/figcaption><\/figure><\/div>\n\n\n<p><strong>Mirko Bonnmann<\/strong><br><br>Telefon 0179 1138998 | <br>E-Mail <a href=\"&#x6d;&#x61;&#x69;&#x6c;&#x74;&#x6f;&#58;&#109;&#105;&#114;ko_b&#x6f;&#x6e;&#x6e;&#x6d;&#x61;&#x6e;&#110;&#64;&#121;&#97;&#104;oo&#46;&#x64;&#x65;\">&#x6d;i&#x72;k&#x6f;&#95;&#x62;&#111;n&#x6e;m&#x61;&#110;&#x6e;&#64;&#x79;&#97;h&#x6f;o&#x2e;&#100;&#x65;<\/a><\/p>\n\n\n\n<p><\/p>\n\n\n\n<p><\/p>\n\n\n\n<p><\/p>\n\n\n<div class=\"wp-block-image\">\n<figure class=\"aligncenter size-full is-resized\"><img loading=\"lazy\" decoding=\"async\" width=\"1280\" height=\"640\" src=\"https:\/\/tanzsport-willich.de\/wp-content\/uploads\/2024\/02\/blackmetal-1585001_1280.png\" alt=\"\" class=\"wp-image-2558\" style=\"width:278px;height:auto\" srcset=\"https:\/\/tanzsport-willich.de\/wp-content\/uploads\/2024\/02\/blackmetal-1585001_1280.png 1280w, https:\/\/tanzsport-willich.de\/wp-content\/uploads\/2024\/02\/blackmetal-1585001_1280-300x150.png 300w, https:\/\/tanzsport-willich.de\/wp-content\/uploads\/2024\/02\/blackmetal-1585001_1280-1024x512.png 1024w, https:\/\/tanzsport-willich.de\/wp-content\/uploads\/2024\/02\/blackmetal-1585001_1280-768x384.png 768w\" sizes=\"(max-width: 1280px) 100vw, 1280px\" \/><\/figure><\/div>\n\n\n<p><\/p>\n\n\n\n<p><\/p>\n\n\n\n<h3 class=\"wp-block-heading\">Pressewartin<\/h3>\n\n\n<div class=\"wp-block-image is-resized\">\n<figure class=\"alignleft size-full\"><img loading=\"lazy\" decoding=\"async\" width=\"342\" height=\"449\" src=\"https:\/\/tanzsport-willich.de\/wp-content\/uploads\/2020\/03\/Trainer_Gudrun.png\" alt=\"Gudrun Holzmann\" class=\"wp-image-503\" style=\"width:203px;height:auto\" srcset=\"https:\/\/tanzsport-willich.de\/wp-content\/uploads\/2020\/03\/Trainer_Gudrun.png 342w, https:\/\/tanzsport-willich.de\/wp-content\/uploads\/2020\/03\/Trainer_Gudrun-229x300.png 229w\" sizes=\"(max-width: 342px) 100vw, 342px\" \/><figcaption class=\"wp-element-caption\">Gudrun Holzmann<\/figcaption><\/figure><\/div>\n\n\n<p> <strong>Gudrun Holzmann<\/strong><br><br>Telefon 0173 279045<br>E-Mail <a href=\"&#x6d;&#97;&#x69;&#x6c;&#116;&#x6f;&#x3a;&#103;&#x75;&#x64;&#114;&#x75;&#x6e;h&#x6f;&#x6c;z&#x6d;&#97;n&#x6e;&#55;1&#x40;&#103;o&#x6f;&#103;l&#x65;&#109;a&#x69;&#108;&#46;&#x64;&#101;\">&#x67;&#x75;&#x64;&#x72;&#x75;&#x6e;&#x68;&#x6f;&#x6c;&#x7a;&#x6d;&#97;&#110;&#110;&#55;&#49;&#64;&#103;ooglem&#x61;&#x69;&#x6c;&#x2e;&#x64;&#x65;<\/a><\/p>\n\n\n\n<p><\/p>\n\n\n\n<p><\/p>\n\n\n\n<p><\/p>\n\n\n\n<p><\/p>\n\n\n<div class=\"wp-block-image\">\n<figure class=\"aligncenter size-full is-resized\"><img loading=\"lazy\" decoding=\"async\" width=\"1280\" height=\"640\" src=\"https:\/\/tanzsport-willich.de\/wp-content\/uploads\/2024\/02\/blackmetal-1585001_1280.png\" alt=\"\" class=\"wp-image-2558\" style=\"width:278px;height:auto\" srcset=\"https:\/\/tanzsport-willich.de\/wp-content\/uploads\/2024\/02\/blackmetal-1585001_1280.png 1280w, https:\/\/tanzsport-willich.de\/wp-content\/uploads\/2024\/02\/blackmetal-1585001_1280-300x150.png 300w, https:\/\/tanzsport-willich.de\/wp-content\/uploads\/2024\/02\/blackmetal-1585001_1280-1024x512.png 1024w, https:\/\/tanzsport-willich.de\/wp-content\/uploads\/2024\/02\/blackmetal-1585001_1280-768x384.png 768w\" sizes=\"(max-width: 1280px) 100vw, 1280px\" \/><\/figure><\/div>\n\n\n<p><\/p>\n\n\n\n<h3 class=\"wp-block-heading\">Kassenwart <\/h3>\n\n\n\n<p>J\u00f6rg Thomas<br><\/p>\n\n\n<div class=\"wp-block-image\">\n<figure class=\"aligncenter size-full is-resized\"><img loading=\"lazy\" decoding=\"async\" width=\"1280\" height=\"640\" src=\"https:\/\/tanzsport-willich.de\/wp-content\/uploads\/2024\/02\/blackmetal-1585001_1280.png\" alt=\"\" class=\"wp-image-2558\" style=\"width:278px;height:auto\" srcset=\"https:\/\/tanzsport-willich.de\/wp-content\/uploads\/2024\/02\/blackmetal-1585001_1280.png 1280w, https:\/\/tanzsport-willich.de\/wp-content\/uploads\/2024\/02\/blackmetal-1585001_1280-300x150.png 300w, https:\/\/tanzsport-willich.de\/wp-content\/uploads\/2024\/02\/blackmetal-1585001_1280-1024x512.png 1024w, https:\/\/tanzsport-willich.de\/wp-content\/uploads\/2024\/02\/blackmetal-1585001_1280-768x384.png 768w\" sizes=\"(max-width: 1280px) 100vw, 1280px\" \/><\/figure><\/div>\n\n\n<p><\/p>\n\n\n\n<h3 class=\"wp-block-heading\">Internet \/ Social Media <\/h3>\n\n\n<div class=\"wp-block-image is-resized\">\n<figure class=\"alignleft size-full\"><img loading=\"lazy\" decoding=\"async\" width=\"342\" height=\"449\" src=\"https:\/\/tanzsport-willich.de\/wp-content\/uploads\/2020\/03\/Trainer_Nina.png\" alt=\"Nina Middeldorf\" class=\"wp-image-558\" style=\"width:203px;height:auto\" srcset=\"https:\/\/tanzsport-willich.de\/wp-content\/uploads\/2020\/03\/Trainer_Nina.png 342w, https:\/\/tanzsport-willich.de\/wp-content\/uploads\/2020\/03\/Trainer_Nina-229x300.png 229w\" sizes=\"(max-width: 342px) 100vw, 342px\" \/><figcaption class=\"wp-element-caption\">Nina Middeldorf<\/figcaption><\/figure><\/div>\n\n\n<p>Nina Middeldorf<\/p>\n\n\n\n<p>Facebook \/ Instagram<\/p>\n\n\n\n<p><\/p>\n\n\n\n<p><\/p>\n\n\n<div class=\"wp-block-image\">\n<figure class=\"aligncenter size-full is-resized\"><img loading=\"lazy\" decoding=\"async\" width=\"1280\" height=\"640\" src=\"https:\/\/tanzsport-willich.de\/wp-content\/uploads\/2024\/02\/blackmetal-1585001_1280.png\" alt=\"\" class=\"wp-image-2558\" style=\"width:278px;height:auto\" srcset=\"https:\/\/tanzsport-willich.de\/wp-content\/uploads\/2024\/02\/blackmetal-1585001_1280.png 1280w, https:\/\/tanzsport-willich.de\/wp-content\/uploads\/2024\/02\/blackmetal-1585001_1280-300x150.png 300w, https:\/\/tanzsport-willich.de\/wp-content\/uploads\/2024\/02\/blackmetal-1585001_1280-1024x512.png 1024w, https:\/\/tanzsport-willich.de\/wp-content\/uploads\/2024\/02\/blackmetal-1585001_1280-768x384.png 768w\" sizes=\"(max-width: 1280px) 100vw, 1280px\" \/><\/figure><\/div>\n\n\n<p><\/p>\n\n\n\n<p><\/p>\n\n\n\n<p><\/p>\n\n\n\n<p><\/p>\n\n\n<div class=\"wp-block-image\">\n<figure class=\"aligncenter size-full is-resized\"><img loading=\"lazy\" decoding=\"async\" width=\"1280\" height=\"640\" src=\"https:\/\/tanzsport-willich.de\/wp-content\/uploads\/2024\/02\/blackmetal-1585001_1280.png\" alt=\"\" class=\"wp-image-2558\" style=\"width:278px;height:auto\" srcset=\"https:\/\/tanzsport-willich.de\/wp-content\/uploads\/2024\/02\/blackmetal-1585001_1280.png 1280w, https:\/\/tanzsport-willich.de\/wp-content\/uploads\/2024\/02\/blackmetal-1585001_1280-300x150.png 300w, https:\/\/tanzsport-willich.de\/wp-content\/uploads\/2024\/02\/blackmetal-1585001_1280-1024x512.png 1024w, https:\/\/tanzsport-willich.de\/wp-content\/uploads\/2024\/02\/blackmetal-1585001_1280-768x384.png 768w\" sizes=\"(max-width: 1280px) 100vw, 1280px\" \/><\/figure><\/div>\n\n<div class=\"wp-block-image is-resized\">\n<figure class=\"alignleft size-full\"><img loading=\"lazy\" decoding=\"async\" width=\"342\" height=\"449\" src=\"https:\/\/tanzsport-willich.de\/wp-content\/uploads\/2020\/03\/Trainer_MonikaThomas.png\" alt=\"Moniko und Thomas Behrendt - Boogie Woogie\" class=\"wp-image-550\" style=\"width:203px;height:auto\" srcset=\"https:\/\/tanzsport-willich.de\/wp-content\/uploads\/2020\/03\/Trainer_MonikaThomas.png 342w, https:\/\/tanzsport-willich.de\/wp-content\/uploads\/2020\/03\/Trainer_MonikaThomas-229x300.png 229w\" sizes=\"(max-width: 342px) 100vw, 342px\" \/><figcaption class=\"wp-element-caption\">Thomas Behrendt<\/figcaption><\/figure><\/div>\n\n\n<p><strong>Thomas Behrendt<\/strong><br>Telefon 02154  427452 <br>E-Mail <a href=\"&#x6d;&#97;i&#x6c;&#116;o&#x3a;&#109;t&#x2d;&#98;o&#x6f;&#103;i&#x65;&#x2d;w&#x6f;&#x6f;&#103;&#x69;&#x65;&#64;&#x76;&#x6f;&#100;a&#x66;&#111;n&#x65;&#109;a&#x69;&#108;&#46;&#x64;&#101;\">&#109;t&#x2d;b&#x6f;o&#x67;&#105;&#x65;&#45;&#x77;&#111;o&#x67;i&#x65;&#64;&#x76;&#111;&#x64;&#97;&#x66;&#111;&#x6e;&#101;m&#x61;i&#x6c;&#46;&#x64;&#101;<\/a><\/p>\n\n\n\n<p><\/p>\n\n\n\n<p><\/p>\n\n\n\n<p><\/p>\n\n\n\n<p><\/p>\n\n\n<div class=\"wp-block-image\">\n<figure class=\"aligncenter size-full is-resized\"><img loading=\"lazy\" decoding=\"async\" width=\"1280\" height=\"640\" src=\"https:\/\/tanzsport-willich.de\/wp-content\/uploads\/2024\/02\/blackmetal-1585001_1280.png\" alt=\"\" class=\"wp-image-2558\" style=\"width:278px;height:auto\" srcset=\"https:\/\/tanzsport-willich.de\/wp-content\/uploads\/2024\/02\/blackmetal-1585001_1280.png 1280w, https:\/\/tanzsport-willich.de\/wp-content\/uploads\/2024\/02\/blackmetal-1585001_1280-300x150.png 300w, https:\/\/tanzsport-willich.de\/wp-content\/uploads\/2024\/02\/blackmetal-1585001_1280-1024x512.png 1024w, https:\/\/tanzsport-willich.de\/wp-content\/uploads\/2024\/02\/blackmetal-1585001_1280-768x384.png 768w\" sizes=\"(max-width: 1280px) 100vw, 1280px\" \/><\/figure><\/div>\n\n\n<h3 class=\"wp-block-heading\">Vergn\u00fcgungswart <\/h3>\n\n\n\n<p><strong>Stefan Walle<\/strong><\/p>\n\n\n\n<p>Telefon 0152 52094502<br>E-Mail <a href=\"&#109;&#x61;i&#108;&#x74;o&#58;&#x73;t&#101;&#x66;a&#110;&#x2e;w&#97;&#x6c;l&#101;&#x40;w&#101;&#x62;&#46;&#100;&#x65;\">&#115;&#x74;e&#102;&#x61;n&#46;&#x77;a&#108;&#x6c;e&#64;&#x77;&#101;&#x62;&#x2e;&#100;&#x65;<\/a><\/p>\n\n\n\n<p><\/p>\n\n\n<div class=\"wp-block-image\">\n<figure class=\"aligncenter size-full is-resized\"><img loading=\"lazy\" decoding=\"async\" width=\"1280\" height=\"640\" src=\"https:\/\/tanzsport-willich.de\/wp-content\/uploads\/2024\/02\/blackmetal-1585001_1280.png\" alt=\"\" class=\"wp-image-2558\" style=\"width:278px;height:auto\" srcset=\"https:\/\/tanzsport-willich.de\/wp-content\/uploads\/2024\/02\/blackmetal-1585001_1280.png 1280w, https:\/\/tanzsport-willich.de\/wp-content\/uploads\/2024\/02\/blackmetal-1585001_1280-300x150.png 300w, https:\/\/tanzsport-willich.de\/wp-content\/uploads\/2024\/02\/blackmetal-1585001_1280-1024x512.png 1024w, https:\/\/tanzsport-willich.de\/wp-content\/uploads\/2024\/02\/blackmetal-1585001_1280-768x384.png 768w\" sizes=\"(max-width: 1280px) 100vw, 1280px\" \/><\/figure><\/div>\n\n\n<p><\/p>\n\n\n\n<h2 class=\"wp-block-heading\">Unsere Trainer*innen<\/h2>\n\n\n\n<h3 class=\"wp-block-heading\">Discofox | Lindy Hop | Salsa | Standard &amp; Latein |Tango Argentino <\/h3>\n\n\n<div class=\"wp-block-image is-resized\">\n<figure class=\"alignleft size-large\"><img loading=\"lazy\" decoding=\"async\" width=\"342\" height=\"449\" src=\"https:\/\/tanzsport-willich.de\/wp-content\/uploads\/2020\/03\/Trainer_Gudrun_Mirko.png\" alt=\"\" class=\"wp-image-548\" style=\"width:285px;height:auto\" srcset=\"https:\/\/tanzsport-willich.de\/wp-content\/uploads\/2020\/03\/Trainer_Gudrun_Mirko.png 342w, https:\/\/tanzsport-willich.de\/wp-content\/uploads\/2020\/03\/Trainer_Gudrun_Mirko-229x300.png 229w\" sizes=\"(max-width: 342px) 100vw, 342px\" \/><figcaption class=\"wp-element-caption\">Gudrun Holzmann und Mirko Bonnmann<\/figcaption><\/figure><\/div>\n\n\n<p class=\"has-normal-font-size\">Mirko ist Berufschullehrer, ehemaliger Turniert\u00e4nzer und Tanztrainer des deutschen Tanzsportverbandes (DTV). Er ist seit 1993 f\u00fcr die Tanzsportabteilung des DJK-VfL Willich 1919 e.V. t\u00e4tig und besch\u00e4ftigt sich intensiv sowohl mit Latein, Standard, Discofox als auch mit Tango Argentino, Salsa, Bachata, Kizomba und Lindy Hop. Seine Philosophie ist es, niveauvolles Tanzen auf einfache angenehme Art und Weise zu vermitteln und sich individuell auf die Tanzpaare einzustellen. Aufgrund seiner langj\u00e4hrigen Erfahrung hat er ein differenziertes Tanzkonzept mit Gudrun entwickelt, welches sowohl Anf\u00e4ngern als auch Fortgeschrittenen viel Freude am Tanzsport bietet.  <\/p>\n\n\n\n<p><strong>Mirko Bonnmann<\/strong><br>Telefon 0179 1138998 | E-Mail <a href=\"m&#97;&#105;&#x6c;&#x74;&#x6f;:&#109;&#105;&#x72;&#x6b;&#x6f;_b&#111;&#x6e;&#x6e;&#x6d;an&#110;&#64;&#x79;&#x61;&#x68;o&#111;&#46;&#x64;&#x65;\">&#x6d;&#x69;&#x72;&#x6b;&#x6f;&#x5f;&#x62;&#x6f;&#x6e;&#x6e;&#x6d;&#97;&#110;&#110;&#64;&#121;&#97;&#104;oo&#46;de<\/a><br><strong>Gudrun Holzmann<\/strong><br>Telefon 0173 2179045 | E-Mail <a href=\"mai&#108;&#116;&#111;&#58;&#x67;&#x75;&#x64;&#x72;&#x75;&#x6e;&#x68;olz&#109;&#97;&#110;&#110;&#55;&#x31;&#x40;&#x67;&#x6f;&#x6f;&#x67;lema&#105;&#108;&#46;&#100;&#x65;\">&#103;u&#x64;r&#x75;&#110;&#x68;&#111;&#x6c;&#122;m&#x61;n&#x6e;&#55;&#x31;&#64;&#x67;&#111;&#x6f;&#103;l&#x65;m&#x61;&#105;&#x6c;&#46;&#x64;&#101;<\/a><\/p>\n\n\n\n<div style=\"height:20px\" aria-hidden=\"true\" class=\"wp-block-spacer\"><\/div>\n\n\n<div class=\"wp-block-image\">\n<figure class=\"aligncenter size-full is-resized\"><img loading=\"lazy\" decoding=\"async\" width=\"1280\" height=\"640\" src=\"https:\/\/tanzsport-willich.de\/wp-content\/uploads\/2024\/02\/blackmetal-1585001_1280.png\" alt=\"\" class=\"wp-image-2558\" style=\"width:278px;height:auto\" srcset=\"https:\/\/tanzsport-willich.de\/wp-content\/uploads\/2024\/02\/blackmetal-1585001_1280.png 1280w, https:\/\/tanzsport-willich.de\/wp-content\/uploads\/2024\/02\/blackmetal-1585001_1280-300x150.png 300w, https:\/\/tanzsport-willich.de\/wp-content\/uploads\/2024\/02\/blackmetal-1585001_1280-1024x512.png 1024w, https:\/\/tanzsport-willich.de\/wp-content\/uploads\/2024\/02\/blackmetal-1585001_1280-768x384.png 768w\" sizes=\"(max-width: 1280px) 100vw, 1280px\" \/><\/figure><\/div>\n\n\n<h3 class=\"wp-block-heading\">Boogie Woogie<\/h3>\n\n\n<div class=\"wp-block-image is-resized\">\n<figure class=\"alignleft size-large\"><img loading=\"lazy\" decoding=\"async\" width=\"342\" height=\"449\" src=\"https:\/\/tanzsport-willich.de\/wp-content\/uploads\/2020\/03\/Trainer_MonikaThomas.png\" alt=\"\" class=\"wp-image-550\" style=\"width:176px;height:auto\" srcset=\"https:\/\/tanzsport-willich.de\/wp-content\/uploads\/2020\/03\/Trainer_MonikaThomas.png 342w, https:\/\/tanzsport-willich.de\/wp-content\/uploads\/2020\/03\/Trainer_MonikaThomas-229x300.png 229w\" sizes=\"(max-width: 342px) 100vw, 342px\" \/><figcaption class=\"wp-element-caption\">Monika und Thomas Behrendt<\/figcaption><\/figure><\/div>\n\n\n<p>Monika &amp; Thomas Behrendt haben beide die Trainer-C Lizenz f\u00fcr Boogie Woogie des Deutschen Rock&#8217;n&#8217;Roll und Boogie-Woogie Verbandes.<\/p>\n\n\n\n<p>Das Motto des Trainerpaares \u201eGet ready for Boogie-Woogie Party\u201c wird hier mit viel Tanzspa\u00df kombiniert.<\/p>\n\n\n\n<p><strong>Monika &amp; Thomas Behrendt<\/strong><br>Telefon  02154  427452  | E-Mail  <a href=\"&#x6d;&#x61;&#x69;&#x6c;&#x74;&#x6f;&#x3a;&#x6d;&#x74;&#x2d;&#x62;&#x6f;&#x6f;&#x67;&#x69;&#x65;&#x2d;&#x77;&#x6f;&#x6f;&#x67;&#x69;&#101;&#64;&#118;&#111;&#100;&#97;&#102;&#111;&#110;&#101;&#109;&#97;&#105;&#108;&#46;de\">mt&#45;&#98;&#111;&#x6f;&#x67;&#x69;&#x65;-w&#111;&#111;&#103;&#x69;&#x65;&#x40;&#x76;od&#97;&#102;&#111;&#x6e;&#x65;&#x6d;&#x61;il&#46;&#100;&#101;<\/a><\/p>\n\n\n\n<div style=\"height:19px\" aria-hidden=\"true\" class=\"wp-block-spacer\"><\/div>\n\n\n<div class=\"wp-block-image\">\n<figure class=\"aligncenter size-full is-resized\"><img loading=\"lazy\" decoding=\"async\" width=\"1280\" height=\"640\" src=\"https:\/\/tanzsport-willich.de\/wp-content\/uploads\/2024\/02\/blackmetal-1585001_1280.png\" alt=\"\" class=\"wp-image-2558\" style=\"width:278px;height:auto\" srcset=\"https:\/\/tanzsport-willich.de\/wp-content\/uploads\/2024\/02\/blackmetal-1585001_1280.png 1280w, https:\/\/tanzsport-willich.de\/wp-content\/uploads\/2024\/02\/blackmetal-1585001_1280-300x150.png 300w, https:\/\/tanzsport-willich.de\/wp-content\/uploads\/2024\/02\/blackmetal-1585001_1280-1024x512.png 1024w, https:\/\/tanzsport-willich.de\/wp-content\/uploads\/2024\/02\/blackmetal-1585001_1280-768x384.png 768w\" sizes=\"(max-width: 1280px) 100vw, 1280px\" \/><\/figure><\/div>\n\n\n<h3 class=\"wp-block-heading\">Trainer Kindertanzen und Jugendwart<\/h3>\n\n\n<div class=\"wp-block-image is-resized\">\n<figure class=\"alignleft size-large\"><img loading=\"lazy\" decoding=\"async\" width=\"768\" height=\"1024\" src=\"https:\/\/tanzsport-willich.de\/wp-content\/uploads\/2024\/09\/2024.07.23-Till-768x1024.jpeg\" alt=\"\" class=\"wp-image-2634\" style=\"width:203px;height:auto\" srcset=\"https:\/\/tanzsport-willich.de\/wp-content\/uploads\/2024\/09\/2024.07.23-Till-768x1024.jpeg 768w, https:\/\/tanzsport-willich.de\/wp-content\/uploads\/2024\/09\/2024.07.23-Till-225x300.jpeg 225w, https:\/\/tanzsport-willich.de\/wp-content\/uploads\/2024\/09\/2024.07.23-Till-1152x1536.jpeg 1152w, https:\/\/tanzsport-willich.de\/wp-content\/uploads\/2024\/09\/2024.07.23-Till.jpeg 1200w\" sizes=\"(max-width: 768px) 100vw, 768px\" \/><figcaption class=\"wp-element-caption\">Til Holzmann<\/figcaption><\/figure><\/div>\n\n\n<p><strong>Til Frederik Holzmann<br><\/strong>Telefon 0179 1138998 | <br>E-Mail <a href=\"m&#97;&#x69;&#x6c;t&#111;&#58;&#x6d;&#x69;r&#107;&#x6f;&#x5f;b&#111;&#110;&#x6e;&#x6d;a&#110;&#x6e;&#x40;y&#97;&#104;&#x6f;&#x6f;&#46;&#100;&#x65;\">&#109;&#x69;&#114;&#x6b;&#111;&#x5f;&#98;&#x6f;&#110;&#x6e;&#109;&#x61;n&#x6e;&#64;&#x79;a&#x68;o&#x6f;&#46;&#x64;e<\/a><\/p>\n\n\n\n<p><\/p>\n\n\n\n<p><\/p>\n\n\n\n<div style=\"height:21px\" aria-hidden=\"true\" class=\"wp-block-spacer\"><\/div>\n\n\n<div class=\"wp-block-image\">\n<figure class=\"aligncenter size-full is-resized\"><img loading=\"lazy\" decoding=\"async\" width=\"1280\" height=\"640\" src=\"https:\/\/tanzsport-willich.de\/wp-content\/uploads\/2024\/02\/blackmetal-1585001_1280.png\" alt=\"\" class=\"wp-image-2558\" style=\"width:278px;height:auto\" srcset=\"https:\/\/tanzsport-willich.de\/wp-content\/uploads\/2024\/02\/blackmetal-1585001_1280.png 1280w, https:\/\/tanzsport-willich.de\/wp-content\/uploads\/2024\/02\/blackmetal-1585001_1280-300x150.png 300w, https:\/\/tanzsport-willich.de\/wp-content\/uploads\/2024\/02\/blackmetal-1585001_1280-1024x512.png 1024w, https:\/\/tanzsport-willich.de\/wp-content\/uploads\/2024\/02\/blackmetal-1585001_1280-768x384.png 768w\" sizes=\"(max-width: 1280px) 100vw, 1280px\" \/><\/figure><\/div>\n\n\n<h3 class=\"wp-block-heading\">Line Dance<\/h3>\n\n\n<div class=\"wp-block-image is-resized\">\n<figure class=\"alignleft size-full\"><img loading=\"lazy\" decoding=\"async\" width=\"959\" height=\"958\" src=\"https:\/\/tanzsport-willich.de\/wp-content\/uploads\/2023\/03\/Sabine-Driessen.jpg\" alt=\"\" class=\"wp-image-2192\" style=\"width:209px;height:auto\" srcset=\"https:\/\/tanzsport-willich.de\/wp-content\/uploads\/2023\/03\/Sabine-Driessen.jpg 959w, https:\/\/tanzsport-willich.de\/wp-content\/uploads\/2023\/03\/Sabine-Driessen-300x300.jpg 300w, https:\/\/tanzsport-willich.de\/wp-content\/uploads\/2023\/03\/Sabine-Driessen-150x150.jpg 150w, https:\/\/tanzsport-willich.de\/wp-content\/uploads\/2023\/03\/Sabine-Driessen-768x767.jpg 768w\" sizes=\"(max-width: 959px) 100vw, 959px\" \/><figcaption class=\"wp-element-caption\">Sabine Driessen<\/figcaption><\/figure><\/div>\n\n\n<p><strong>Sabine Driessen<\/strong><br>Telefon 017620756957 | E-Mail <a href=\"mailto: &#x6c;&#105;&#110;e&#x64;&#x61;&#110;c&#x65;&#x40;&#100;ri&#x65;&#115;&#115;e&#x6e;&#x2d;&#100;e&#x2e;&#x64;&#101;\">&#x6c;i&#x6e;&#101;d&#x61;&#110;&#x63;&#101;&#64;&#x64;&#114;&#x69;&#101;s&#x73;&#101;&#x6e;&#x2d;d&#x65;&#46;d&#x65;<\/a><\/p>\n\n\n\n<p><\/p>\n\n\n\n<p><\/p>\n\n\n\n<p><\/p>\n\n\n\n<h3 class=\"wp-block-heading\">Line Dance<\/h3>\n\n\n<div class=\"wp-block-image is-resized\">\n<figure class=\"alignleft size-full\"><img loading=\"lazy\" decoding=\"async\" width=\"1000\" height=\"1000\" src=\"https:\/\/tanzsport-willich.de\/wp-content\/uploads\/2024\/09\/2024.07.22-RainerClassen.jpg\" alt=\"\" class=\"wp-image-2643\" style=\"width:209px;height:auto\" srcset=\"https:\/\/tanzsport-willich.de\/wp-content\/uploads\/2024\/09\/2024.07.22-RainerClassen.jpg 1000w, https:\/\/tanzsport-willich.de\/wp-content\/uploads\/2024\/09\/2024.07.22-RainerClassen-300x300.jpg 300w, https:\/\/tanzsport-willich.de\/wp-content\/uploads\/2024\/09\/2024.07.22-RainerClassen-150x150.jpg 150w, https:\/\/tanzsport-willich.de\/wp-content\/uploads\/2024\/09\/2024.07.22-RainerClassen-768x768.jpg 768w\" sizes=\"(max-width: 1000px) 100vw, 1000px\" \/><figcaption class=\"wp-element-caption\">Rainer Classen<\/figcaption><\/figure><\/div>\n\n\n<p>Rainer Classen<\/p>\n\n\n\n<p><\/p>\n\n\n\n<p><\/p>\n\n\n\n<p><\/p>\n\n\n\n\n\n<div style=\"height:26px\" aria-hidden=\"true\" class=\"wp-block-spacer\"><\/div>\n\n\n\n<hr class=\"wp-block-separator has-css-opacity\"\/>\n\n\n\n<p class=\"has-small-font-size\"><\/p>\n","protected":false},"excerpt":{"rendered":"<p>Abteilungsleitung Abteilungsleiterin stellv. Abteilungsleiter und Sportwart Pressewartin Kassenwart Internet \/ Social Media Facebook \/ Instagram Thomas BehrendtTelefon 02154 427452 E-Mail &#x6d;&#x74;&#45;&#98;o&#x6f;&#x67;&#x69;&#101;&#45;w&#x6f;&#x6f;&#x67;&#105;&#101;&#64;&#x76;&#x6f;&#x64;&#97;&#102;o&#x6e;&#x65;&#x6d;&#97;il&#x2e;&#x64;&#x65; Vergn\u00fcgungswart Unsere Trainer*innen Discofox | Lindy Hop | Salsa | Standard &amp; Latein |Tango Argentino Mirko ist Berufschullehrer, ehemaliger Turniert\u00e4nzer und Tanztrainer des deutschen Tanzsportverbandes (DTV). Er ist seit 1993 f\u00fcr die Tanzsportabteilung des&#8230;<\/p>\n","protected":false},"author":1,"featured_media":0,"parent":0,"menu_order":0,"comment_status":"closed","ping_status":"closed","template":"","meta":{"_kad_post_transparent":"","_kad_post_title":"","_kad_post_layout":"","_kad_post_sidebar_id":"","_kad_post_content_style":"","_kad_post_vertical_padding":"","_kad_post_feature":"","_kad_post_feature_position":"","_kad_post_header":false,"_kad_post_footer":false,"footnotes":""},"_links":{"self":[{"href":"https:\/\/tanzsport-willich.de\/index.php?rest_route=\/wp\/v2\/pages\/489"}],"collection":[{"href":"https:\/\/tanzsport-willich.de\/index.php?rest_route=\/wp\/v2\/pages"}],"about":[{"href":"https:\/\/tanzsport-willich.de\/index.php?rest_route=\/wp\/v2\/types\/page"}],"author":[{"embeddable":true,"href":"https:\/\/tanzsport-willich.de\/index.php?rest_route=\/wp\/v2\/users\/1"}],"replies":[{"embeddable":true,"href":"https:\/\/tanzsport-willich.de\/index.php?rest_route=%2Fwp%2Fv2%2Fcomments&post=489"}],"version-history":[{"count":74,"href":"https:\/\/tanzsport-willich.de\/index.php?rest_route=\/wp\/v2\/pages\/489\/revisions"}],"predecessor-version":[{"id":2874,"href":"https:\/\/tanzsport-willich.de\/index.php?rest_route=\/wp\/v2\/pages\/489\/revisions\/2874"}],"wp:attachment":[{"href":"https:\/\/tanzsport-willich.de\/index.php?rest_route=%2Fwp%2Fv2%2Fmedia&parent=489"}],"curies":[{"name":"wp","href":"https:\/\/api.w.org\/{rel}","templated":true}]}}